{"id":3,"date":"2025-09-03T14:00:42","date_gmt":"2025-09-03T12:00:42","guid":{"rendered":"https:\/\/www.medicis-creations.fr\/?page_id=3"},"modified":"2025-12-01T13:22:26","modified_gmt":"2025-12-01T12:22:26","slug":"politique-de-confidentialite","status":"publish","type":"page","link":"https:\/\/www.medicis-creations.fr\/?page_id=3","title":{"rendered":"Mentions l\u00e9gales"},"content":{"rendered":"\n<p>Conform\u00e9ment aux dispositions des articles 6-III et 19 de la loi n\u00b02004-575 du 21 juin 2004 pour la confiance dans l\u2019\u00e9conomie num\u00e9rique (LCEN), il est port\u00e9 \u00e0 la connaissance des utilisateurs et visiteurs du site\u00a0<em>Medicis-cr\u00e9ations.fr<\/em>\u00a0les pr\u00e9sentes mentions l\u00e9gales.<\/p>\n\n\n\n<h3 class=\"wp-block-heading\" id=\"h-editeur-du-site\">\u00c9diteur du site<\/h3>\n\n\n\n<p>Le site\u00a0<em>Medecis-creations.fr<\/em>\u00a0est \u00e9dit\u00e9 par LE LYCEEN, association de loi 1901, dont le si\u00e8ge social est situ\u00e9 :<\/p>\n\n\n\n<blockquote class=\"wp-block-quote is-layout-flow wp-block-quote-is-layout-flow\">\n<p>LE LYCEEN &#8211; SIRET 82007395500016<\/p>\n\n\n\n<p><strong>LE LYCEEN<\/strong><br>8 rue Georges Brassens<br>14150 OUISTREHAM<br>France<\/p>\n<\/blockquote>\n\n\n\n<p>Directeur de la publication :&nbsp;<strong>Timoth\u00e9 Boudet<\/strong><br>Adresse e-mail de contact :&nbsp;<a href=\"mailto:redaction@nosjours.fr\">redaction@nosjours.fr<\/a><\/p>\n\n\n\n<p><\/p>\n\n\n\n<h3 class=\"wp-block-heading\" id=\"h-hebergeur\">H\u00e9bergeur<\/h3>\n\n\n\n<p>Le site est h\u00e9berg\u00e9 par la soci\u00e9t\u00e9&nbsp;<strong>IONOS SARL<\/strong>,<\/p>\n\n\n\n<blockquote class=\"wp-block-quote is-layout-flow wp-block-quote-is-layout-flow\">\n<p>7 place de la Gare,<br>BP 70109,<br>57201 Sarreguemines Cedex,<br>France<\/p>\n<\/blockquote>\n\n\n\n<p>Site web :&nbsp;<a class=\"\" href=\"https:\/\/www.ionos.fr\/\" target=\"_blank\" rel=\"noreferrer noopener\">www.ionos.fr<\/a><br>T\u00e9l\u00e9phone : 09 70 80 89 11 (appel non surtax\u00e9)<\/p>\n\n\n\n<h3 class=\"wp-block-heading\" id=\"h-donnees-personnelles\">Donn\u00e9es personnelles<\/h3>\n\n\n\n<p>Des donn\u00e9es personnelles peuvent \u00eatre collect\u00e9es sur le site, notamment via le formulaire de contact (nom, adresse e-mail, message). Ces informations ne sont utilis\u00e9es qu\u2019aux fins de traitement de votre demande.<\/p>\n\n\n\n<p>Des outils de mesure d\u2019audience (type Google Analytics) et des services tiers (ex. YouTube) peuvent \u00e9galement impliquer le d\u00e9p\u00f4t de cookies ou la collecte d\u2019informations techniques anonymes.<\/p>\n\n\n\n<p>Conform\u00e9ment \u00e0 la r\u00e9glementation europ\u00e9enne en vigueur (RGPD \u2013 R\u00e8glement g\u00e9n\u00e9ral sur la protection des donn\u00e9es), vous disposez d\u2019un droit d\u2019acc\u00e8s, de rectification, d\u2019opposition et de suppression des donn\u00e9es personnelles vous concernant. Vous pouvez exercer ce droit en envoyant un e-mail \u00e0 :<br><strong><a class=\"\">redaction@nosjours.fr<\/a><\/strong><\/p>\n\n\n\n<p>Aucune donn\u00e9e personnelle n\u2019est c\u00e9d\u00e9e ou vendue \u00e0 des tiers.<\/p>\n\n\n\n<h3 class=\"wp-block-heading\" id=\"h-propriete-intellectuelle\">Propri\u00e9t\u00e9 intellectuelle<\/h3>\n\n\n\n<p>Tous les contenus pr\u00e9sents sur le site&nbsp;<em>Nos Jours<\/em>, incluant de mani\u00e8re non limitative les textes, photographies, vid\u00e9os, illustrations, graphismes, logos, ic\u00f4nes, sons, sont prot\u00e9g\u00e9s par le droit d\u2019auteur et restent la propri\u00e9t\u00e9 exclusive de&nbsp;<strong>M\u00e9dicis Cr\u00e9ations<\/strong>, sauf mention contraire.<\/p>\n\n\n\n<p>Toute reproduction, repr\u00e9sentation, modification, publication, adaptation de tout ou partie des \u00e9l\u00e9ments du site, quel que soit le moyen ou le proc\u00e9d\u00e9 utilis\u00e9, est interdite sans autorisation \u00e9crite pr\u00e9alable.<\/p>\n\n\n\n<h3 class=\"wp-block-heading\" id=\"h-credits\">Cr\u00e9dits<\/h3>\n\n\n\n<p>R\u00e9daction, conception \u00e9ditoriale et direction artistique : l\u2019\u00e9quipe de\u00a0<em>LE LYCEEN<\/em>.<br>Design et d\u00e9veloppement web : LE LYCEEN.<\/p>\n\n\n\n<h2 class=\"wp-block-heading\"><\/h2>\n","protected":false},"excerpt":{"rendered":"<p>Conform\u00e9ment aux dispositions des articles 6-III et 19 de la loi n\u00b02004-575 du 21 juin 2004 pour la confiance dans l\u2019\u00e9conomie num\u00e9rique (LCEN), il est port\u00e9 \u00e0 la connaissance des utilisateurs et visiteurs du site\u00a0Medicis-cr\u00e9ations.fr\u00a0les pr\u00e9sentes mentions l\u00e9gales. \u00c9diteur du site Le site\u00a0Medecis-creations.fr\u00a0est \u00e9dit\u00e9 par LE LYCEEN, association de loi 1901, dont le si\u00e8ge social [&hellip;]<\/p>\n","protected":false},"author":1,"featured_media":0,"parent":0,"menu_order":0,"comment_status":"closed","ping_status":"open","template":"","meta":{"footnotes":""},"class_list":["post-3","page","type-page","status-publish","hentry"],"_links":{"self":[{"href":"https:\/\/www.medicis-creations.fr\/index.php?rest_route=\/wp\/v2\/pages\/3","targetHints":{"allow":["GET"]}}],"collection":[{"href":"https:\/\/www.medicis-creations.fr\/index.php?rest_route=\/wp\/v2\/pages"}],"about":[{"href":"https:\/\/www.medicis-creations.fr\/index.php?rest_route=\/wp\/v2\/types\/page"}],"author":[{"embeddable":true,"href":"https:\/\/www.medicis-creations.fr\/index.php?rest_route=\/wp\/v2\/users\/1"}],"replies":[{"embeddable":true,"href":"https:\/\/www.medicis-creations.fr\/index.php?rest_route=%2Fwp%2Fv2%2Fcomments&post=3"}],"version-history":[{"count":1,"href":"https:\/\/www.medicis-creations.fr\/index.php?rest_route=\/wp\/v2\/pages\/3\/revisions"}],"predecessor-version":[{"id":10,"href":"https:\/\/www.medicis-creations.fr\/index.php?rest_route=\/wp\/v2\/pages\/3\/revisions\/10"}],"wp:attachment":[{"href":"https:\/\/www.medicis-creations.fr\/index.php?rest_route=%2Fwp%2Fv2%2Fmedia&parent=3"}],"curies":[{"name":"wp","href":"https:\/\/api.w.org\/{rel}","templated":true}]}}